{"id":314,"date":"2021-05-28T11:29:33","date_gmt":"2021-05-28T08:29:33","guid":{"rendered":"http:\/\/www.keminmaankuntosali.com\/wordpress\/?page_id=314"},"modified":"2026-04-09T21:43:40","modified_gmt":"2026-04-09T18:43:40","slug":"ohjatutryhmat","status":"publish","type":"page","link":"http:\/\/www.keminmaankuntosali.com\/wordpress\/ohjatutryhmat\/","title":{"rendered":"Ohjatut ryhm\u00e4t"},"content":{"rendered":"<div id=\"pl-314\"  class=\"panel-layout\" ><div id=\"pg-314-0\"  class=\"panel-grid panel-has-style\" ><div style=\"padding: 25px 0; \" data-overlay=\"true\" data-overlay-color=\"#000000\" class=\"panel-row-style panel-row-style-for-314-0\" ><div id=\"pgc-314-0-0\"  class=\"panel-grid-cell\" ><div id=\"panel-314-0-0-0\" class=\"so-panel widget widget_sow-editor panel-first-child panel-last-child\" data-index=\"0\" ><div style=\"text-align: left;\" data-title-color=\"#443f3f\" data-headings-color=\"#443f3f\" class=\"panel-widget-style panel-widget-style-for-314-0-0-0\" ><div class=\"so-widget-sow-editor so-widget-sow-editor-base\">\n<div class=\"siteorigin-widget-tinymce textwidget\">\n\t<p><span style=\"color: #ffffff;\">AVOINNA<\/span><br \/>\n<span style=\"color: #ffffff;\">ma - to 16 - 19<\/span><br \/>\n<span style=\"color: #ffffff;\">avainkortilla joka p\u00e4iv\u00e4 05 - 23<\/span><\/p>\n<p>&nbsp;<\/p>\n<p>&nbsp;<\/p>\n<p>&nbsp;<\/p>\n<\/div>\n<\/div><\/div><\/div><\/div><div id=\"pgc-314-0-1\"  class=\"panel-grid-cell\" ><div id=\"panel-314-0-1-0\" class=\"so-panel widget widget_sow-editor panel-first-child panel-last-child\" data-index=\"1\" ><div style=\"text-align: left;\" data-title-color=\"#443f3f\" data-headings-color=\"#443f3f\" class=\"panel-widget-style panel-widget-style-for-314-0-1-0\" ><div class=\"so-widget-sow-editor so-widget-sow-editor-base\">\n<div class=\"siteorigin-widget-tinymce textwidget\">\n\t<p>Ilmoittaudu mukaan t\u00e4\u00e4lt\u00e4: <a href=\"https:\/\/keminmaankuntosali.kulkuriaccess.fi\" target=\"_blank\" rel=\"noopener\">Nettiajanvaraus<\/a><\/p>\n<p>HOX! Tulethan tunneille vain terveen\u00e4! Muistathan perua varauksesi ajoissa, mik\u00e4li et p\u00e4\u00e4se tunnille.<\/p>\n<p>TERVETULOA! <span class=\"x3nfvp2 x1j61x8r x1fcty0u xdj266r xhhsvwb xat24cr xgzva0m xxymvpz xlup9mm x1kky2od\"><img loading=\"lazy\" src=\"https:\/\/static.xx.fbcdn.net\/images\/emoji.php\/v9\/t7f\/1\/16\/1f60a.png\" alt=\"\ud83d\ude0a\" width=\"16\" height=\"16\" \/><\/span><\/p>\n<\/div>\n<\/div><\/div><\/div><\/div><\/div><\/div><div id=\"pg-314-1\"  class=\"panel-grid panel-has-style\" ><div style=\"padding: 0px 0; \" data-overlay=\"true\" data-overlay-color=\"#000000\" class=\"panel-row-style panel-row-style-for-314-1\" ><div id=\"pgc-314-1-0\"  class=\"panel-grid-cell\" ><div id=\"panel-314-1-0-0\" class=\"so-panel widget widget_sow-editor panel-first-child\" data-index=\"2\" ><div style=\"text-align: left;\" data-title-color=\"#443f3f\" data-headings-color=\"#443f3f\" class=\"panel-widget-style panel-widget-style-for-314-1-0-0\" ><div class=\"so-widget-sow-editor so-widget-sow-editor-base\">\n<div class=\"siteorigin-widget-tinymce textwidget\">\n\t<h5 style=\"text-align: center;\"><strong>JUMPAT<\/strong><\/h5>\n<h6 style=\"text-align: center;\"><\/h6>\n<\/div>\n<\/div><\/div><\/div><div id=\"panel-314-1-0-1\" class=\"so-panel widget widget_sow-editor panel-last-child\" data-index=\"3\" ><div style=\"text-align: left;\" data-title-color=\"#443f3f\" data-headings-color=\"#443f3f\" class=\"panel-widget-style panel-widget-style-for-314-1-0-1\" ><div class=\"so-widget-sow-editor so-widget-sow-editor-base\">\n<div class=\"siteorigin-widget-tinymce textwidget\">\n\t<h5 style=\"text-align: center;\"><strong><span style=\"color: #ff0000;\">UUSI JUMPPALUKKARI:<\/span><\/strong><\/h5>\n<h6 style=\"text-align: center;\"><\/h6>\n<\/div>\n<\/div><\/div><\/div><\/div><\/div><\/div><div id=\"pg-314-2\"  class=\"panel-grid panel-has-style\" ><div style=\"padding: 0px 0; \" data-overlay=\"true\" data-overlay-color=\"#000000\" class=\"panel-row-style panel-row-style-for-314-2\" ><div id=\"pgc-314-2-0\"  class=\"panel-grid-cell\" ><div id=\"panel-314-2-0-0\" class=\"so-panel widget widget_sow-editor panel-first-child\" data-index=\"4\" ><div style=\"text-align: left;\" data-title-color=\"#443f3f\" data-headings-color=\"#443f3f\" class=\"panel-widget-style panel-widget-style-for-314-2-0-0\" ><div class=\"so-widget-sow-editor so-widget-sow-editor-base\">\n<div class=\"siteorigin-widget-tinymce textwidget\">\n\t<p style=\"text-align: center;\"><strong>MAANANTAI<\/strong><\/p>\n<\/div>\n<\/div><\/div><\/div><div id=\"panel-314-2-0-1\" class=\"so-panel widget widget_sow-editor panel-last-child\" data-index=\"5\" ><div style=\"text-align: left;\" data-title-color=\"#443f3f\" data-headings-color=\"#443f3f\" class=\"panel-widget-style panel-widget-style-for-314-2-0-1\" ><div class=\"so-widget-sow-editor so-widget-sow-editor-base\">\n<div class=\"siteorigin-widget-tinymce textwidget\">\n\t<p style=\"text-align: center;\">18.15-19.15<\/p>\n<p style=\"text-align: center;\">TOIMINNALLINEN CIRCUIT<\/p>\n<p style=\"text-align: center;\">Miia<\/p>\n<\/div>\n<\/div><\/div><\/div><\/div><div id=\"pgc-314-2-1\"  class=\"panel-grid-cell\" ><div id=\"panel-314-2-1-0\" class=\"so-panel widget widget_sow-editor panel-first-child\" data-index=\"6\" ><div style=\"text-align: left;\" data-title-color=\"#443f3f\" data-headings-color=\"#443f3f\" class=\"panel-widget-style panel-widget-style-for-314-2-1-0\" ><div class=\"so-widget-sow-editor so-widget-sow-editor-base\">\n<div class=\"siteorigin-widget-tinymce textwidget\">\n\t<p style=\"text-align: center;\"><strong>TIISTAI<\/strong><\/p>\n<\/div>\n<\/div><\/div><\/div><div id=\"panel-314-2-1-1\" class=\"so-panel widget widget_sow-editor\" data-index=\"7\" ><div style=\"text-align: left;\" data-title-color=\"#443f3f\" data-headings-color=\"#443f3f\" class=\"panel-widget-style panel-widget-style-for-314-2-1-1\" ><div class=\"so-widget-sow-editor so-widget-sow-editor-base\">\n<div class=\"siteorigin-widget-tinymce textwidget\">\n\t<p style=\"text-align: center;\">17.15-18.00<\/p>\n<p style=\"text-align: center;\">MAHAVEK<\/p>\n<p style=\"text-align: center;\">Anitta<\/p>\n<\/div>\n<\/div><\/div><\/div><div id=\"panel-314-2-1-2\" class=\"so-panel widget widget_sow-editor panel-last-child\" data-index=\"8\" ><div style=\"text-align: left;\" data-title-color=\"#443f3f\" data-headings-color=\"#443f3f\" class=\"panel-widget-style panel-widget-style-for-314-2-1-2\" ><div class=\"so-widget-sow-editor so-widget-sow-editor-base\">\n<div class=\"siteorigin-widget-tinymce textwidget\">\n\t<p style=\"text-align: center;\">18.15-19.00<\/p>\n<p style=\"text-align: center;\">\u00c4IJ\u00c4MAHAVEK<\/p>\n<p style=\"text-align: center;\">Anitta<\/p>\n<\/div>\n<\/div><\/div><\/div><\/div><div id=\"pgc-314-2-2\"  class=\"panel-grid-cell\" ><div id=\"panel-314-2-2-0\" class=\"so-panel widget widget_sow-editor panel-first-child\" data-index=\"9\" ><div style=\"text-align: left;\" data-title-color=\"#443f3f\" data-headings-color=\"#443f3f\" class=\"panel-widget-style panel-widget-style-for-314-2-2-0\" ><div class=\"so-widget-sow-editor so-widget-sow-editor-base\">\n<div class=\"siteorigin-widget-tinymce textwidget\">\n\t<p style=\"text-align: center;\"><strong>KESKIVIIKKO<\/strong><\/p>\n<\/div>\n<\/div><\/div><\/div><div id=\"panel-314-2-2-1\" class=\"so-panel widget widget_sow-editor panel-last-child\" data-index=\"10\" ><div style=\"text-align: left;\" data-title-color=\"#443f3f\" data-headings-color=\"#443f3f\" class=\"panel-widget-style panel-widget-style-for-314-2-2-1\" ><div class=\"so-widget-sow-editor so-widget-sow-editor-base\">\n<div class=\"siteorigin-widget-tinymce textwidget\">\n\t<p style=\"text-align: center;\">18.00-18.45<\/p>\n<p style=\"text-align: center;\">RASVANPOLTTO<\/p>\n<p style=\"text-align: center;\">Auli<\/p>\n<p>&nbsp;<\/p>\n<\/div>\n<\/div><\/div><\/div><\/div><div id=\"pgc-314-2-3\"  class=\"panel-grid-cell\" ><div id=\"panel-314-2-3-0\" class=\"so-panel widget widget_sow-editor panel-first-child\" data-index=\"11\" ><div style=\"text-align: left;\" data-title-color=\"#443f3f\" data-headings-color=\"#443f3f\" class=\"panel-widget-style panel-widget-style-for-314-2-3-0\" ><div class=\"so-widget-sow-editor so-widget-sow-editor-base\">\n<div class=\"siteorigin-widget-tinymce textwidget\">\n\t<p style=\"text-align: center;\"><strong>TORSTAI<\/strong><\/p>\n<\/div>\n<\/div><\/div><\/div><div id=\"panel-314-2-3-1\" class=\"so-panel widget widget_sow-editor\" data-index=\"12\" ><div style=\"text-align: left;\" data-title-color=\"#443f3f\" data-headings-color=\"#443f3f\" class=\"panel-widget-style panel-widget-style-for-314-2-3-1\" ><div class=\"so-widget-sow-editor so-widget-sow-editor-base\">\n<div class=\"siteorigin-widget-tinymce textwidget\">\n\t<p style=\"text-align: center;\">10.00-10.45<\/p>\n<p style=\"text-align: center;\">AAMUMAHAVEK<\/p>\n<p style=\"text-align: center;\">Anitta<\/p>\n<\/div>\n<\/div><\/div><\/div><div id=\"panel-314-2-3-2\" class=\"so-panel widget widget_sow-editor panel-last-child\" data-index=\"13\" ><div style=\"text-align: left;\" data-title-color=\"#443f3f\" data-headings-color=\"#443f3f\" class=\"panel-widget-style panel-widget-style-for-314-2-3-2\" ><div class=\"so-widget-sow-editor so-widget-sow-editor-base\">\n<div class=\"siteorigin-widget-tinymce textwidget\">\n\t<p style=\"text-align: center;\">18.15-19.15<\/p>\n<p style=\"text-align: center;\">SPINNING 60<\/p>\n<p style=\"text-align: center;\">Jenni<\/p>\n<\/div>\n<\/div><\/div><\/div><\/div><div id=\"pgc-314-2-4\"  class=\"panel-grid-cell\" ><div id=\"panel-314-2-4-0\" class=\"so-panel widget widget_sow-editor panel-first-child panel-last-child\" data-index=\"14\" ><div style=\"text-align: left;\" data-title-color=\"#443f3f\" data-headings-color=\"#443f3f\" class=\"panel-widget-style panel-widget-style-for-314-2-4-0\" ><div class=\"so-widget-sow-editor so-widget-sow-editor-base\">\n<div class=\"siteorigin-widget-tinymce textwidget\">\n\t<p style=\"text-align: center;\"><strong>PERJANTAI<\/strong><\/p>\n<\/div>\n<\/div><\/div><\/div><\/div><div id=\"pgc-314-2-5\"  class=\"panel-grid-cell\" ><div id=\"panel-314-2-5-0\" class=\"so-panel widget widget_sow-editor panel-first-child panel-last-child\" data-index=\"15\" ><div style=\"text-align: left;\" data-title-color=\"#443f3f\" data-headings-color=\"#443f3f\" class=\"panel-widget-style panel-widget-style-for-314-2-5-0\" ><div class=\"so-widget-sow-editor so-widget-sow-editor-base\">\n<div class=\"siteorigin-widget-tinymce textwidget\">\n\t<p style=\"text-align: center;\"><strong>LAUANTAI<\/strong><\/p>\n<\/div>\n<\/div><\/div><\/div><\/div><div id=\"pgc-314-2-6\"  class=\"panel-grid-cell\" ><div id=\"panel-314-2-6-0\" class=\"so-panel widget widget_sow-editor panel-first-child\" data-index=\"16\" ><div style=\"text-align: left;\" data-title-color=\"#443f3f\" data-headings-color=\"#443f3f\" class=\"panel-widget-style panel-widget-style-for-314-2-6-0\" ><div class=\"so-widget-sow-editor so-widget-sow-editor-base\">\n<div class=\"siteorigin-widget-tinymce textwidget\">\n\t<p style=\"text-align: center;\"><strong>SUNNUNTAI<\/strong><\/p>\n<\/div>\n<\/div><\/div><\/div><div id=\"panel-314-2-6-1\" class=\"so-panel widget widget_sow-editor panel-last-child\" data-index=\"17\" ><div style=\"text-align: left;\" data-title-color=\"#443f3f\" data-headings-color=\"#443f3f\" class=\"panel-widget-style panel-widget-style-for-314-2-6-1\" ><div class=\"so-widget-sow-editor so-widget-sow-editor-base\">\n<div class=\"siteorigin-widget-tinymce textwidget\">\n\t<p style=\"text-align: center;\">18.00-19.00<\/p>\n<p style=\"text-align: center;\">PUMP<\/p>\n<p style=\"text-align: center;\">Auli<\/p>\n<p style=\"text-align: center;\">\n<\/div>\n<\/div><\/div><\/div><\/div><\/div><\/div><div id=\"pg-314-3\"  class=\"panel-grid panel-has-style\" ><div style=\"padding: 0px 0; \" data-overlay=\"true\" data-overlay-color=\"#000000\" class=\"panel-row-style panel-row-style-for-314-3\" ><div id=\"pgc-314-3-0\"  class=\"panel-grid-cell\" ><div id=\"panel-314-3-0-0\" class=\"so-panel widget widget_sow-editor panel-first-child\" data-index=\"18\" ><div style=\"text-align: left;\" data-title-color=\"#443f3f\" data-headings-color=\"#443f3f\" class=\"panel-widget-style panel-widget-style-for-314-3-0-0\" ><div class=\"so-widget-sow-editor so-widget-sow-editor-base\">\n<div class=\"siteorigin-widget-tinymce textwidget\">\n\t<p><strong>TOIMINNALLINEN CIRCUIT<\/strong><\/p>\n<p>Peilisalissa vaihtuvilla liikkeill\u00e4 vedetty tehokas tunti!<\/p>\n<\/div>\n<\/div><\/div><\/div><div id=\"panel-314-3-0-1\" class=\"so-panel widget widget_sow-editor\" data-index=\"19\" ><div style=\"text-align: left;\" data-title-color=\"#443f3f\" data-headings-color=\"#443f3f\" class=\"panel-widget-style panel-widget-style-for-314-3-0-1\" ><div class=\"so-widget-sow-editor so-widget-sow-editor-base\">\n<div class=\"siteorigin-widget-tinymce textwidget\">\n\t<p><strong>PUMP<\/strong><\/p>\n<p>V\u00e4linein\u00e4 pump-tanko, l\u00e4tk\u00e4t, k\u00e4sipainot ja steppilauta.<\/p>\n<p>Tehokkaan muokkaavaa!!<\/p>\n<\/div>\n<\/div><\/div><\/div><div id=\"panel-314-3-0-2\" class=\"so-panel widget widget_sow-editor panel-last-child\" data-index=\"20\" ><div style=\"text-align: left;\" data-title-color=\"#443f3f\" data-headings-color=\"#443f3f\" class=\"panel-widget-style panel-widget-style-for-314-3-0-2\" ><div class=\"so-widget-sow-editor so-widget-sow-editor-base\">\n<div class=\"siteorigin-widget-tinymce textwidget\">\n\t<p><strong>MAHAVEK<\/strong><\/p>\n<p>Rauhallinen mutta tehokas tunti, jossa keskityt\u00e4\u00e4n syvien lihasten vahvistamiseen. Apuna pilateshengitys, nystyr\u00e4pallo ja -rengas sek\u00e4 k\u00e4sipainot. Palloa ja rengasta k\u00e4ytet\u00e4\u00e4n my\u00f6s avaavissa liikkeiss\u00e4 tunnin lopuksi.<\/p>\n<\/div>\n<\/div><\/div><\/div><\/div><div id=\"pgc-314-3-1\"  class=\"panel-grid-cell panel-grid-cell-empty\" ><\/div><div id=\"pgc-314-3-2\"  class=\"panel-grid-cell\" ><div id=\"panel-314-3-2-0\" class=\"so-panel widget widget_sow-editor panel-first-child panel-last-child\" data-index=\"21\" ><div style=\"text-align: left;\" data-title-color=\"#443f3f\" data-headings-color=\"#443f3f\" class=\"panel-widget-style panel-widget-style-for-314-3-2-0\" ><div class=\"so-widget-sow-editor so-widget-sow-editor-base\">\n<div class=\"siteorigin-widget-tinymce textwidget\">\n\t<p><strong>SPINNING 60<\/strong><\/p>\n<p>Kest\u00e4vyytt\u00e4 ja voimaa vaihtelevassa maastossa sis\u00e4lt\u00e4v\u00e4 tunti motivoivan musiikin tahdissa.<\/p>\n<p>Kovaa menoa, mutta jaksat!!<\/p>\n<p>TAATTU HIKI! <span class=\"x3nfvp2 x1j61x8r x1fcty0u xdj266r xhhsvwb xat24cr xgzva0m xxymvpz xlup9mm x1kky2od\"><img loading=\"lazy\" src=\"https:\/\/static.xx.fbcdn.net\/images\/emoji.php\/v9\/t7f\/1\/16\/1f60a.png\" alt=\"\ud83d\ude0a\" width=\"16\" height=\"16\" \/><\/span><\/p>\n<\/div>\n<\/div><\/div><\/div><\/div><\/div><\/div><div id=\"pg-314-4\"  class=\"panel-grid panel-has-style\" ><div style=\"padding: 0px 0; \" data-overlay=\"true\" data-overlay-color=\"#000000\" class=\"panel-row-style panel-row-style-for-314-4\" ><div id=\"pgc-314-4-0\"  class=\"panel-grid-cell panel-grid-cell-empty\" ><\/div><div id=\"pgc-314-4-1\"  class=\"panel-grid-cell panel-grid-cell-empty panel-grid-cell-mobile-last\" ><\/div><div id=\"pgc-314-4-2\"  class=\"panel-grid-cell panel-grid-cell-empty\" ><\/div><\/div><\/div><div id=\"pg-314-5\"  class=\"panel-grid panel-has-style\" ><div style=\"padding: 0px 0; \" data-overlay=\"true\" data-overlay-color=\"#000000\" class=\"panel-row-style panel-row-style-for-314-5\" ><div id=\"pgc-314-5-0\"  class=\"panel-grid-cell panel-grid-cell-empty\" ><\/div><div id=\"pgc-314-5-1\"  class=\"panel-grid-cell panel-grid-cell-empty panel-grid-cell-mobile-last\" ><\/div><div id=\"pgc-314-5-2\"  class=\"panel-grid-cell panel-grid-cell-empty\" ><\/div><\/div><\/div><div id=\"pg-314-6\"  class=\"panel-grid panel-has-style\" ><div style=\"padding: 0px 0; \" data-overlay=\"true\" data-overlay-color=\"#000000\" class=\"panel-row-style panel-row-style-for-314-6\" ><div id=\"pgc-314-6-0\"  class=\"panel-grid-cell panel-grid-cell-empty\" ><\/div><\/div><\/div><\/div>","protected":false},"excerpt":{"rendered":"<p>AVOINNA ma &#8211; to 16 &#8211; 19 avainkortilla joka p\u00e4iv\u00e4 05 &#8211; 23 &nbsp; &nbsp; &nbsp; Ilmoittaudu mukaan t\u00e4\u00e4lt\u00e4: Nettiajanvaraus HOX! Tulethan tunneille vain terveen\u00e4! Muistathan perua varauksesi ajoissa, mik\u00e4li et p\u00e4\u00e4se tunnille. TERVETULOA! JUMPAT UUSI JUMPPALUKKARI:<\/p>\n","protected":false},"author":1,"featured_media":0,"parent":0,"menu_order":0,"comment_status":"closed","ping_status":"closed","template":"page-templates\/page_front-page.php","meta":[],"_links":{"self":[{"href":"http:\/\/www.keminmaankuntosali.com\/wordpress\/wp-json\/wp\/v2\/pages\/314"}],"collection":[{"href":"http:\/\/www.keminmaankuntosali.com\/wordpress\/wp-json\/wp\/v2\/pages"}],"about":[{"href":"http:\/\/www.keminmaankuntosali.com\/wordpress\/wp-json\/wp\/v2\/types\/page"}],"author":[{"embeddable":true,"href":"http:\/\/www.keminmaankuntosali.com\/wordpress\/wp-json\/wp\/v2\/users\/1"}],"replies":[{"embeddable":true,"href":"http:\/\/www.keminmaankuntosali.com\/wordpress\/wp-json\/wp\/v2\/comments?post=314"}],"version-history":[{"count":335,"href":"http:\/\/www.keminmaankuntosali.com\/wordpress\/wp-json\/wp\/v2\/pages\/314\/revisions"}],"predecessor-version":[{"id":955,"href":"http:\/\/www.keminmaankuntosali.com\/wordpress\/wp-json\/wp\/v2\/pages\/314\/revisions\/955"}],"wp:attachment":[{"href":"http:\/\/www.keminmaankuntosali.com\/wordpress\/wp-json\/wp\/v2\/media?parent=314"}],"curies":[{"name":"wp","href":"https:\/\/api.w.org\/{rel}","templated":true}]}}