{"id":236,"date":"2021-05-28T10:25:32","date_gmt":"2021-05-28T07:25:32","guid":{"rendered":"http:\/\/www.keminmaankuntosali.com\/wordpress\/?page_id=236"},"modified":"2026-04-09T21:46:26","modified_gmt":"2026-04-09T18:46:26","slug":"ajankohtaista","status":"publish","type":"page","link":"http:\/\/www.keminmaankuntosali.com\/wordpress\/ajankohtaista\/","title":{"rendered":"Ajankohtaista"},"content":{"rendered":"<div id=\"pl-236\"  class=\"panel-layout\" ><div id=\"pg-236-0\"  class=\"panel-grid panel-has-style\" ><div style=\"padding: 50px 0; \" data-overlay=\"true\" data-overlay-color=\"#000000\" class=\"panel-row-style panel-row-style-for-236-0\" ><div id=\"pgc-236-0-0\"  class=\"panel-grid-cell\" ><div id=\"panel-236-0-0-0\" class=\"so-panel widget widget_sow-editor panel-first-child\" data-index=\"0\" ><div style=\"text-align: left;\" data-title-color=\"#443f3f\" data-headings-color=\"#443f3f\" class=\"panel-widget-style panel-widget-style-for-236-0-0-0\" ><div class=\"so-widget-sow-editor so-widget-sow-editor-base\">\n<div class=\"siteorigin-widget-tinymce textwidget\">\n\t<p><span style=\"color: #ffffff;\">AVOINNA<\/span><br \/>\n<span style=\"color: #ffffff;\">ma - to 16 - 19<\/span><br \/>\n<span style=\"color: #ffffff;\">avainkortilla joka p\u00e4iv\u00e4 05 - 23<\/span><\/p>\n<p>&nbsp;<\/p>\n<\/div>\n<\/div><\/div><\/div><div id=\"panel-236-0-0-1\" class=\"so-panel widget widget_sow-image\" data-index=\"1\" ><div style=\"text-align: left;\" data-title-color=\"#443f3f\" data-headings-color=\"#443f3f\" class=\"panel-widget-style panel-widget-style-for-236-0-0-1\" ><div class=\"so-widget-sow-image so-widget-sow-image-default-d6014b76747a-236\">\n\n<div class=\"sow-image-container\">\n\t\t<img src=\"http:\/\/www.keminmaankuntosali.com\/wordpress\/wp-content\/uploads\/2021\/05\/Nayttokuva-2021-5-20-kello-20.36.26-1.png\" width=\"1596\" height=\"865\" srcset=\"http:\/\/www.keminmaankuntosali.com\/wordpress\/wp-content\/uploads\/2021\/05\/Nayttokuva-2021-5-20-kello-20.36.26-1.png 1596w, http:\/\/www.keminmaankuntosali.com\/wordpress\/wp-content\/uploads\/2021\/05\/Nayttokuva-2021-5-20-kello-20.36.26-1-300x163.png 300w, http:\/\/www.keminmaankuntosali.com\/wordpress\/wp-content\/uploads\/2021\/05\/Nayttokuva-2021-5-20-kello-20.36.26-1-1024x555.png 1024w, http:\/\/www.keminmaankuntosali.com\/wordpress\/wp-content\/uploads\/2021\/05\/Nayttokuva-2021-5-20-kello-20.36.26-1-768x416.png 768w, http:\/\/www.keminmaankuntosali.com\/wordpress\/wp-content\/uploads\/2021\/05\/Nayttokuva-2021-5-20-kello-20.36.26-1-1536x832.png 1536w, http:\/\/www.keminmaankuntosali.com\/wordpress\/wp-content\/uploads\/2021\/05\/Nayttokuva-2021-5-20-kello-20.36.26-1-830x450.png 830w, http:\/\/www.keminmaankuntosali.com\/wordpress\/wp-content\/uploads\/2021\/05\/Nayttokuva-2021-5-20-kello-20.36.26-1-230x125.png 230w, http:\/\/www.keminmaankuntosali.com\/wordpress\/wp-content\/uploads\/2021\/05\/Nayttokuva-2021-5-20-kello-20.36.26-1-350x190.png 350w, http:\/\/www.keminmaankuntosali.com\/wordpress\/wp-content\/uploads\/2021\/05\/Nayttokuva-2021-5-20-kello-20.36.26-1-480x260.png 480w\" sizes=\"(max-width: 1596px) 100vw, 1596px\" title=\"N\u00e4ytt\u00f6kuva 2021-5-20 kello 20.36.26\" alt=\"\" loading=\"lazy\" \t\tclass=\"so-widget-image\"\/>\n\t<\/div>\n\n<\/div><\/div><\/div><div id=\"panel-236-0-0-2\" class=\"so-panel widget widget_sow-image\" data-index=\"2\" ><div style=\"text-align: left;\" data-title-color=\"#443f3f\" data-headings-color=\"#443f3f\" class=\"panel-widget-style panel-widget-style-for-236-0-0-2\" ><div class=\"so-widget-sow-image so-widget-sow-image-default-d6014b76747a-236\">\n\n<div class=\"sow-image-container\">\n\t\t<img src=\"http:\/\/www.keminmaankuntosali.com\/wordpress\/wp-content\/uploads\/2021\/05\/Nayttokuva-2021-5-20-kello-20.36.37-1.png\" width=\"1594\" height=\"1034\" srcset=\"http:\/\/www.keminmaankuntosali.com\/wordpress\/wp-content\/uploads\/2021\/05\/Nayttokuva-2021-5-20-kello-20.36.37-1.png 1594w, http:\/\/www.keminmaankuntosali.com\/wordpress\/wp-content\/uploads\/2021\/05\/Nayttokuva-2021-5-20-kello-20.36.37-1-300x195.png 300w, http:\/\/www.keminmaankuntosali.com\/wordpress\/wp-content\/uploads\/2021\/05\/Nayttokuva-2021-5-20-kello-20.36.37-1-1024x664.png 1024w, http:\/\/www.keminmaankuntosali.com\/wordpress\/wp-content\/uploads\/2021\/05\/Nayttokuva-2021-5-20-kello-20.36.37-1-768x498.png 768w, http:\/\/www.keminmaankuntosali.com\/wordpress\/wp-content\/uploads\/2021\/05\/Nayttokuva-2021-5-20-kello-20.36.37-1-1536x996.png 1536w, http:\/\/www.keminmaankuntosali.com\/wordpress\/wp-content\/uploads\/2021\/05\/Nayttokuva-2021-5-20-kello-20.36.37-1-830x538.png 830w, http:\/\/www.keminmaankuntosali.com\/wordpress\/wp-content\/uploads\/2021\/05\/Nayttokuva-2021-5-20-kello-20.36.37-1-230x149.png 230w, http:\/\/www.keminmaankuntosali.com\/wordpress\/wp-content\/uploads\/2021\/05\/Nayttokuva-2021-5-20-kello-20.36.37-1-350x227.png 350w, http:\/\/www.keminmaankuntosali.com\/wordpress\/wp-content\/uploads\/2021\/05\/Nayttokuva-2021-5-20-kello-20.36.37-1-480x311.png 480w\" sizes=\"(max-width: 1594px) 100vw, 1594px\" title=\"N\u00e4ytt\u00f6kuva 2021-5-20 kello 20.36.37\" alt=\"\" loading=\"lazy\" \t\tclass=\"so-widget-image\"\/>\n\t<\/div>\n\n<\/div><\/div><\/div><div id=\"panel-236-0-0-3\" class=\"so-panel widget widget_sow-image\" data-index=\"3\" ><div style=\"text-align: left;\" data-title-color=\"#443f3f\" data-headings-color=\"#443f3f\" class=\"panel-widget-style panel-widget-style-for-236-0-0-3\" ><div class=\"so-widget-sow-image so-widget-sow-image-default-d6014b76747a-236\">\n\n<div class=\"sow-image-container\">\n\t\t<img src=\"http:\/\/www.keminmaankuntosali.com\/wordpress\/wp-content\/uploads\/2021\/05\/Nayttokuva-2021-5-20-kello-20.36.47.png\" width=\"1994\" height=\"1302\" srcset=\"http:\/\/www.keminmaankuntosali.com\/wordpress\/wp-content\/uploads\/2021\/05\/Nayttokuva-2021-5-20-kello-20.36.47.png 1994w, http:\/\/www.keminmaankuntosali.com\/wordpress\/wp-content\/uploads\/2021\/05\/Nayttokuva-2021-5-20-kello-20.36.47-300x196.png 300w, http:\/\/www.keminmaankuntosali.com\/wordpress\/wp-content\/uploads\/2021\/05\/Nayttokuva-2021-5-20-kello-20.36.47-1024x669.png 1024w, http:\/\/www.keminmaankuntosali.com\/wordpress\/wp-content\/uploads\/2021\/05\/Nayttokuva-2021-5-20-kello-20.36.47-768x501.png 768w, http:\/\/www.keminmaankuntosali.com\/wordpress\/wp-content\/uploads\/2021\/05\/Nayttokuva-2021-5-20-kello-20.36.47-1536x1003.png 1536w, http:\/\/www.keminmaankuntosali.com\/wordpress\/wp-content\/uploads\/2021\/05\/Nayttokuva-2021-5-20-kello-20.36.47-830x542.png 830w, http:\/\/www.keminmaankuntosali.com\/wordpress\/wp-content\/uploads\/2021\/05\/Nayttokuva-2021-5-20-kello-20.36.47-230x150.png 230w, http:\/\/www.keminmaankuntosali.com\/wordpress\/wp-content\/uploads\/2021\/05\/Nayttokuva-2021-5-20-kello-20.36.47-350x229.png 350w, http:\/\/www.keminmaankuntosali.com\/wordpress\/wp-content\/uploads\/2021\/05\/Nayttokuva-2021-5-20-kello-20.36.47-480x313.png 480w\" sizes=\"(max-width: 1994px) 100vw, 1994px\" title=\"N\u00e4ytt\u00f6kuva 2021-5-20 kello 20.36.47\" alt=\"\" loading=\"lazy\" \t\tclass=\"so-widget-image\"\/>\n\t<\/div>\n\n<\/div><\/div><\/div><div id=\"panel-236-0-0-4\" class=\"so-panel widget widget_sow-image panel-last-child\" data-index=\"4\" ><div style=\"text-align: left;\" data-title-color=\"#443f3f\" data-headings-color=\"#443f3f\" class=\"panel-widget-style panel-widget-style-for-236-0-0-4\" ><div class=\"so-widget-sow-image so-widget-sow-image-default-d6014b76747a-236\">\n\n<div class=\"sow-image-container\">\n\t\t<img src=\"http:\/\/www.keminmaankuntosali.com\/wordpress\/wp-content\/uploads\/2021\/05\/Keminmaan-Kuntosali.png\" width=\"830\" height=\"86\" srcset=\"http:\/\/www.keminmaankuntosali.com\/wordpress\/wp-content\/uploads\/2021\/05\/Keminmaan-Kuntosali.png 830w, http:\/\/www.keminmaankuntosali.com\/wordpress\/wp-content\/uploads\/2021\/05\/Keminmaan-Kuntosali-300x31.png 300w, http:\/\/www.keminmaankuntosali.com\/wordpress\/wp-content\/uploads\/2021\/05\/Keminmaan-Kuntosali-768x80.png 768w, http:\/\/www.keminmaankuntosali.com\/wordpress\/wp-content\/uploads\/2021\/05\/Keminmaan-Kuntosali-230x24.png 230w, http:\/\/www.keminmaankuntosali.com\/wordpress\/wp-content\/uploads\/2021\/05\/Keminmaan-Kuntosali-350x36.png 350w, http:\/\/www.keminmaankuntosali.com\/wordpress\/wp-content\/uploads\/2021\/05\/Keminmaan-Kuntosali-480x50.png 480w\" sizes=\"(max-width: 830px) 100vw, 830px\" alt=\"\" loading=\"lazy\" \t\tclass=\"so-widget-image\"\/>\n\t<\/div>\n\n<\/div><\/div><\/div><\/div><div id=\"pgc-236-0-1\"  class=\"panel-grid-cell\" ><div id=\"panel-236-0-1-0\" class=\"so-panel widget widget_sow-editor panel-first-child panel-last-child\" data-index=\"5\" ><div style=\"text-align: left;\" data-title-color=\"#443f3f\" data-headings-color=\"#443f3f\" class=\"panel-widget-style panel-widget-style-for-236-0-1-0\" ><div class=\"so-widget-sow-editor so-widget-sow-editor-base\">\n<div class=\"siteorigin-widget-tinymce textwidget\">\n\t<p>Kuntosalin kassa palvelee ma-to klo 16-19. Pe klo 16-19 p\u00e4ivystys puhelimitse 0407203053. Avainkortilla p\u00e4\u00e4set treenaamaan salille P\u00c4IVITT\u00c4IN klo 5-23.<\/p>\n<p>L\u00e4mpim\u00e4sti tervetuloa!<\/p>\n<p>P.S. Otahan seurantaan Keminmaan kuntosalin Facebook- ja Instagram-tilit, jonne p\u00e4ivit\u00e4mme ahkerasti ajankohtaista sis\u00e4lt\u00f6\u00e4 <span class=\"x3nfvp2 x1j61x8r x1fcty0u xdj266r xhhsvwb xat24cr xgzva0m xxymvpz xlup9mm x1kky2od\"><img loading=\"lazy\" src=\"https:\/\/static.xx.fbcdn.net\/images\/emoji.php\/v9\/t7f\/1\/16\/1f60a.png\" alt=\"\ud83d\ude0a\" width=\"16\" height=\"16\" \/><\/span><\/p>\n<p>&nbsp;<\/p>\n<p>HOX!<\/p>\n<p>8.9. alkavalla viikolla salimme ruuhka-ajat laitteiston puolella:<\/p>\n<p>ma klo 12.00 - 13.00<\/p>\n<p>ti klo 8.30 - 13.00<\/p>\n<p>ke klo 11.30 - 12.30 (pieni ryhm\u00e4)<\/p>\n<p>to klo 16.30 - 17.30<\/p>\n<p>pe klo 10.00 - 11.00<\/p>\n<p>&nbsp;<\/p>\n<\/div>\n<\/div><\/div><\/div><\/div><\/div><\/div><div id=\"pg-236-1\"  class=\"panel-grid panel-has-style\" ><div style=\"padding: 100px 0; \" data-overlay=\"true\" class=\"panel-row-style panel-row-style-for-236-1\" ><div id=\"pgc-236-1-0\"  class=\"panel-grid-cell panel-grid-cell-empty\" ><\/div><\/div><\/div><\/div>","protected":false},"excerpt":{"rendered":"<p>AVOINNA ma &#8211; to 16 &#8211; 19 avainkortilla joka p\u00e4iv\u00e4 05 &#8211; 23 &nbsp; Kuntosalin kassa palvelee ma-to klo 16-19. Pe klo 16-19 p\u00e4ivystys puhelimitse 0407203053. Avainkortilla p\u00e4\u00e4set treenaamaan salille P\u00c4IVITT\u00c4IN klo 5-23. L\u00e4mpim\u00e4sti tervetuloa! P.S. Otahan seurantaan Keminmaan kuntosalin Facebook- ja Instagram-tilit, jonne p\u00e4ivit\u00e4mme ahkerasti ajankohtaista sis\u00e4lt\u00f6\u00e4 &nbsp; HOX! 8.9. alkavalla viikolla salimme ruuhka-ajat [&hellip;]<\/p>\n","protected":false},"author":1,"featured_media":0,"parent":0,"menu_order":0,"comment_status":"closed","ping_status":"closed","template":"page-templates\/page_front-page.php","meta":[],"_links":{"self":[{"href":"http:\/\/www.keminmaankuntosali.com\/wordpress\/wp-json\/wp\/v2\/pages\/236"}],"collection":[{"href":"http:\/\/www.keminmaankuntosali.com\/wordpress\/wp-json\/wp\/v2\/pages"}],"about":[{"href":"http:\/\/www.keminmaankuntosali.com\/wordpress\/wp-json\/wp\/v2\/types\/page"}],"author":[{"embeddable":true,"href":"http:\/\/www.keminmaankuntosali.com\/wordpress\/wp-json\/wp\/v2\/users\/1"}],"replies":[{"embeddable":true,"href":"http:\/\/www.keminmaankuntosali.com\/wordpress\/wp-json\/wp\/v2\/comments?post=236"}],"version-history":[{"count":133,"href":"http:\/\/www.keminmaankuntosali.com\/wordpress\/wp-json\/wp\/v2\/pages\/236\/revisions"}],"predecessor-version":[{"id":959,"href":"http:\/\/www.keminmaankuntosali.com\/wordpress\/wp-json\/wp\/v2\/pages\/236\/revisions\/959"}],"wp:attachment":[{"href":"http:\/\/www.keminmaankuntosali.com\/wordpress\/wp-json\/wp\/v2\/media?parent=236"}],"curies":[{"name":"wp","href":"https:\/\/api.w.org\/{rel}","templated":true}]}}