{"id":20,"date":"2021-05-19T18:09:22","date_gmt":"2021-05-19T15:09:22","guid":{"rendered":"http:\/\/www.merilapinsiivouspalvelu.net\/?page_id=20"},"modified":"2026-04-09T21:44:55","modified_gmt":"2026-04-09T18:44:55","slug":"etusivu","status":"publish","type":"page","link":"http:\/\/www.keminmaankuntosali.com\/wordpress\/","title":{"rendered":"Etusivu"},"content":{"rendered":"<div id=\"pl-20\"  class=\"panel-layout\" ><div id=\"pg-20-0\"  class=\"panel-grid panel-has-style\" ><div style=\"padding: 50px 0; \" data-overlay=\"true\" data-overlay-color=\"#000000\" class=\"panel-row-style panel-row-style-for-20-0\" ><div id=\"pgc-20-0-0\"  class=\"panel-grid-cell\" ><div id=\"panel-20-0-0-0\" class=\"so-panel widget widget_sow-editor panel-first-child\" data-index=\"0\" ><div style=\"text-align: left;\" data-title-color=\"#443f3f\" data-headings-color=\"#443f3f\" class=\"panel-widget-style panel-widget-style-for-20-0-0-0\" ><div class=\"so-widget-sow-editor so-widget-sow-editor-base\">\n<div class=\"siteorigin-widget-tinymce textwidget\">\n\t<p><span style=\"color: #ffffff;\">AVOINNA<\/span><br \/>\n<span style=\"color: #ffffff;\">ma - to 16 - 19<\/span><br \/>\n<span style=\"color: #ffffff;\">avainkortilla joka p\u00e4iv\u00e4 05 - 23<\/span><\/p>\n<p>&nbsp;<\/p>\n<\/div>\n<\/div><\/div><\/div><div id=\"panel-20-0-0-1\" class=\"so-panel widget widget_sow-image\" data-index=\"1\" ><div style=\"text-align: left;\" data-title-color=\"#443f3f\" data-headings-color=\"#443f3f\" class=\"panel-widget-style panel-widget-style-for-20-0-0-1\" ><div class=\"so-widget-sow-image so-widget-sow-image-default-d6014b76747a-20\">\n\n<div class=\"sow-image-container\">\n\t\t<img src=\"http:\/\/www.keminmaankuntosali.com\/wordpress\/wp-content\/uploads\/2021\/05\/Nayttokuva-2021-5-20-kello-20.36.26-1.png\" width=\"1596\" height=\"865\" srcset=\"http:\/\/www.keminmaankuntosali.com\/wordpress\/wp-content\/uploads\/2021\/05\/Nayttokuva-2021-5-20-kello-20.36.26-1.png 1596w, http:\/\/www.keminmaankuntosali.com\/wordpress\/wp-content\/uploads\/2021\/05\/Nayttokuva-2021-5-20-kello-20.36.26-1-300x163.png 300w, http:\/\/www.keminmaankuntosali.com\/wordpress\/wp-content\/uploads\/2021\/05\/Nayttokuva-2021-5-20-kello-20.36.26-1-1024x555.png 1024w, http:\/\/www.keminmaankuntosali.com\/wordpress\/wp-content\/uploads\/2021\/05\/Nayttokuva-2021-5-20-kello-20.36.26-1-768x416.png 768w, http:\/\/www.keminmaankuntosali.com\/wordpress\/wp-content\/uploads\/2021\/05\/Nayttokuva-2021-5-20-kello-20.36.26-1-1536x832.png 1536w, http:\/\/www.keminmaankuntosali.com\/wordpress\/wp-content\/uploads\/2021\/05\/Nayttokuva-2021-5-20-kello-20.36.26-1-830x450.png 830w, http:\/\/www.keminmaankuntosali.com\/wordpress\/wp-content\/uploads\/2021\/05\/Nayttokuva-2021-5-20-kello-20.36.26-1-230x125.png 230w, http:\/\/www.keminmaankuntosali.com\/wordpress\/wp-content\/uploads\/2021\/05\/Nayttokuva-2021-5-20-kello-20.36.26-1-350x190.png 350w, http:\/\/www.keminmaankuntosali.com\/wordpress\/wp-content\/uploads\/2021\/05\/Nayttokuva-2021-5-20-kello-20.36.26-1-480x260.png 480w\" sizes=\"(max-width: 1596px) 100vw, 1596px\" title=\"N\u00e4ytt\u00f6kuva 2021-5-20 kello 20.36.26\" alt=\"\" loading=\"lazy\" \t\tclass=\"so-widget-image\"\/>\n\t<\/div>\n\n<\/div><\/div><\/div><div id=\"panel-20-0-0-2\" class=\"so-panel widget widget_sow-image\" data-index=\"2\" ><div style=\"text-align: left;\" data-title-color=\"#443f3f\" data-headings-color=\"#443f3f\" class=\"panel-widget-style panel-widget-style-for-20-0-0-2\" ><div class=\"so-widget-sow-image so-widget-sow-image-default-d6014b76747a-20\">\n\n<div class=\"sow-image-container\">\n\t\t<img src=\"http:\/\/www.keminmaankuntosali.com\/wordpress\/wp-content\/uploads\/2021\/05\/Nayttokuva-2021-5-20-kello-20.36.37-1.png\" width=\"1594\" height=\"1034\" srcset=\"http:\/\/www.keminmaankuntosali.com\/wordpress\/wp-content\/uploads\/2021\/05\/Nayttokuva-2021-5-20-kello-20.36.37-1.png 1594w, http:\/\/www.keminmaankuntosali.com\/wordpress\/wp-content\/uploads\/2021\/05\/Nayttokuva-2021-5-20-kello-20.36.37-1-300x195.png 300w, http:\/\/www.keminmaankuntosali.com\/wordpress\/wp-content\/uploads\/2021\/05\/Nayttokuva-2021-5-20-kello-20.36.37-1-1024x664.png 1024w, http:\/\/www.keminmaankuntosali.com\/wordpress\/wp-content\/uploads\/2021\/05\/Nayttokuva-2021-5-20-kello-20.36.37-1-768x498.png 768w, http:\/\/www.keminmaankuntosali.com\/wordpress\/wp-content\/uploads\/2021\/05\/Nayttokuva-2021-5-20-kello-20.36.37-1-1536x996.png 1536w, http:\/\/www.keminmaankuntosali.com\/wordpress\/wp-content\/uploads\/2021\/05\/Nayttokuva-2021-5-20-kello-20.36.37-1-830x538.png 830w, http:\/\/www.keminmaankuntosali.com\/wordpress\/wp-content\/uploads\/2021\/05\/Nayttokuva-2021-5-20-kello-20.36.37-1-230x149.png 230w, http:\/\/www.keminmaankuntosali.com\/wordpress\/wp-content\/uploads\/2021\/05\/Nayttokuva-2021-5-20-kello-20.36.37-1-350x227.png 350w, http:\/\/www.keminmaankuntosali.com\/wordpress\/wp-content\/uploads\/2021\/05\/Nayttokuva-2021-5-20-kello-20.36.37-1-480x311.png 480w\" sizes=\"(max-width: 1594px) 100vw, 1594px\" title=\"N\u00e4ytt\u00f6kuva 2021-5-20 kello 20.36.37\" alt=\"\" loading=\"lazy\" \t\tclass=\"so-widget-image\"\/>\n\t<\/div>\n\n<\/div><\/div><\/div><div id=\"panel-20-0-0-3\" class=\"so-panel widget widget_sow-image\" data-index=\"3\" ><div style=\"text-align: left;\" data-title-color=\"#443f3f\" data-headings-color=\"#443f3f\" class=\"panel-widget-style panel-widget-style-for-20-0-0-3\" ><div class=\"so-widget-sow-image so-widget-sow-image-default-d6014b76747a-20\">\n\n<div class=\"sow-image-container\">\n\t\t<img src=\"http:\/\/www.keminmaankuntosali.com\/wordpress\/wp-content\/uploads\/2021\/05\/Nayttokuva-2021-5-20-kello-20.36.47.png\" width=\"1994\" height=\"1302\" srcset=\"http:\/\/www.keminmaankuntosali.com\/wordpress\/wp-content\/uploads\/2021\/05\/Nayttokuva-2021-5-20-kello-20.36.47.png 1994w, http:\/\/www.keminmaankuntosali.com\/wordpress\/wp-content\/uploads\/2021\/05\/Nayttokuva-2021-5-20-kello-20.36.47-300x196.png 300w, http:\/\/www.keminmaankuntosali.com\/wordpress\/wp-content\/uploads\/2021\/05\/Nayttokuva-2021-5-20-kello-20.36.47-1024x669.png 1024w, http:\/\/www.keminmaankuntosali.com\/wordpress\/wp-content\/uploads\/2021\/05\/Nayttokuva-2021-5-20-kello-20.36.47-768x501.png 768w, http:\/\/www.keminmaankuntosali.com\/wordpress\/wp-content\/uploads\/2021\/05\/Nayttokuva-2021-5-20-kello-20.36.47-1536x1003.png 1536w, http:\/\/www.keminmaankuntosali.com\/wordpress\/wp-content\/uploads\/2021\/05\/Nayttokuva-2021-5-20-kello-20.36.47-830x542.png 830w, http:\/\/www.keminmaankuntosali.com\/wordpress\/wp-content\/uploads\/2021\/05\/Nayttokuva-2021-5-20-kello-20.36.47-230x150.png 230w, http:\/\/www.keminmaankuntosali.com\/wordpress\/wp-content\/uploads\/2021\/05\/Nayttokuva-2021-5-20-kello-20.36.47-350x229.png 350w, http:\/\/www.keminmaankuntosali.com\/wordpress\/wp-content\/uploads\/2021\/05\/Nayttokuva-2021-5-20-kello-20.36.47-480x313.png 480w\" sizes=\"(max-width: 1994px) 100vw, 1994px\" title=\"N\u00e4ytt\u00f6kuva 2021-5-20 kello 20.36.47\" alt=\"\" loading=\"lazy\" \t\tclass=\"so-widget-image\"\/>\n\t<\/div>\n\n<\/div><\/div><\/div><div id=\"panel-20-0-0-4\" class=\"so-panel widget widget_sow-image panel-last-child\" data-index=\"4\" ><div style=\"text-align: left;\" data-title-color=\"#443f3f\" data-headings-color=\"#443f3f\" class=\"panel-widget-style panel-widget-style-for-20-0-0-4\" ><div class=\"so-widget-sow-image so-widget-sow-image-default-d6014b76747a-20\">\n\n<div class=\"sow-image-container\">\n\t\t<img src=\"http:\/\/www.keminmaankuntosali.com\/wordpress\/wp-content\/uploads\/2021\/05\/Keminmaan-Kuntosali.png\" width=\"830\" height=\"86\" srcset=\"http:\/\/www.keminmaankuntosali.com\/wordpress\/wp-content\/uploads\/2021\/05\/Keminmaan-Kuntosali.png 830w, http:\/\/www.keminmaankuntosali.com\/wordpress\/wp-content\/uploads\/2021\/05\/Keminmaan-Kuntosali-300x31.png 300w, http:\/\/www.keminmaankuntosali.com\/wordpress\/wp-content\/uploads\/2021\/05\/Keminmaan-Kuntosali-768x80.png 768w, http:\/\/www.keminmaankuntosali.com\/wordpress\/wp-content\/uploads\/2021\/05\/Keminmaan-Kuntosali-230x24.png 230w, http:\/\/www.keminmaankuntosali.com\/wordpress\/wp-content\/uploads\/2021\/05\/Keminmaan-Kuntosali-350x36.png 350w, http:\/\/www.keminmaankuntosali.com\/wordpress\/wp-content\/uploads\/2021\/05\/Keminmaan-Kuntosali-480x50.png 480w\" sizes=\"(max-width: 830px) 100vw, 830px\" alt=\"\" loading=\"lazy\" \t\tclass=\"so-widget-image\"\/>\n\t<\/div>\n\n<\/div><\/div><\/div><\/div><div id=\"pgc-20-0-1\"  class=\"panel-grid-cell\" ><div id=\"panel-20-0-1-0\" class=\"so-panel widget widget_sow-editor panel-first-child\" data-index=\"5\" ><div style=\"text-align: left;\" data-title-color=\"#443f3f\" data-headings-color=\"#443f3f\" class=\"panel-widget-style panel-widget-style-for-20-0-1-0\" ><div class=\"so-widget-sow-editor so-widget-sow-editor-base\">\n<div class=\"siteorigin-widget-tinymce textwidget\">\n\t<p>TERVETULOA AURINKOISEN PALVELUN TALOON KEMINMAAN KUNTOSALILLE.<\/p>\n<p>Treenailla voit mm. Techno Gymin &amp; KerkoGymin laitteilla. RASKAS osasto l\u00f6ytyy sek\u00e4 hyv\u00e4 valikoima ohjattuja ryhmi\u00e4. K\u00e4yt\u00f6ss\u00e4si on peili-jumppasalin lis\u00e4ksi my\u00f6s piensali, jossa voit kuntoilla vapailla v\u00e4lineill\u00e4 varsinkin silloin, kun iso sali on jumppien aikana varattu.<\/p>\n<p>Treenailemaan p\u00e4\u00e4set k\u00e4tev\u00e4sti avainkortilla joka p\u00e4iv\u00e4 aamu viidest\u00e4 ilta klo 23 asti! Henkil\u00f6kohtaisesti olemme paikalla ma-to klo 16-19; sek\u00e4 sopimuksen mukaan.<\/p>\n<p>Myym\u00e4l\u00e4st\u00e4mme l\u00f6yd\u00e4t lis\u00e4ravinteet sek\u00e4 vapaa-ajan asusteet. Salillamme on 2 pingisp\u00f6yt\u00e4\u00e4, joihin voit varata vuoroja.<\/p>\n<p>Saman katon alla toimivat my\u00f6s: <a href=\"http:\/\/www.merilapinfysioterapia.fi\/\" target=\"_blank\" rel=\"noopener\">Merilapin Fysioterapia Ky<\/a> (p.0400606632),\u00a0 Hyvinvointikeskus Sporttipirtti (p. 0500891329), Parturi-Kampaamo Lintula (p.0442439323) sek\u00e4 vuokrattava juhlatila <a href=\"http:\/\/www.vaylasali.com\" target=\"_blank\" rel=\"noopener\">V\u00e4yl\u00e4sali<\/a> (p. 0407203053).<\/p>\n<p>Talostamme l\u00f6yd\u00e4t my\u00f6s todella kattavan valikoiman Kivalo-opiston ryhmi\u00e4; ilmoittaudu mukaan !!<\/p>\n<p><em>Ja muistathan:<\/em><\/p>\n<p>Hyvinvointisi on meille AINA se t\u00e4rkein pointti, joten aloitathan jo t\u00e4n\u00e4\u00e4n.<\/p>\n<p>SOLE POKA MIKH\u00c4N! t: Anitta <span class=\"x3nfvp2 x1j61x8r x1fcty0u xdj266r xhhsvwb xat24cr xgzva0m xxymvpz xlup9mm x1kky2od\"><img loading=\"lazy\" src=\"https:\/\/static.xx.fbcdn.net\/images\/emoji.php\/v9\/t7f\/1\/16\/1f60a.png\" alt=\"\ud83d\ude0a\" width=\"16\" height=\"16\" \/><\/span><\/p>\n<\/div>\n<\/div><\/div><\/div><div id=\"panel-20-0-1-1\" class=\"so-panel widget widget_sow-image panel-last-child\" data-index=\"6\" ><div style=\"text-align: left;\" data-title-color=\"#443f3f\" data-headings-color=\"#443f3f\" class=\"panel-widget-style panel-widget-style-for-20-0-1-1\" ><div class=\"so-widget-sow-image so-widget-sow-image-default-4b231843ec72-20\">\n\n<div class=\"sow-image-container\">\n\t\t<img src=\"http:\/\/www.keminmaankuntosali.com\/wordpress\/wp-content\/uploads\/2021\/05\/Nayttokuva-2021-5-20-kello-20.37.09.png\" width=\"1994\" height=\"1252\" srcset=\"http:\/\/www.keminmaankuntosali.com\/wordpress\/wp-content\/uploads\/2021\/05\/Nayttokuva-2021-5-20-kello-20.37.09.png 1994w, http:\/\/www.keminmaankuntosali.com\/wordpress\/wp-content\/uploads\/2021\/05\/Nayttokuva-2021-5-20-kello-20.37.09-300x188.png 300w, http:\/\/www.keminmaankuntosali.com\/wordpress\/wp-content\/uploads\/2021\/05\/Nayttokuva-2021-5-20-kello-20.37.09-1024x643.png 1024w, http:\/\/www.keminmaankuntosali.com\/wordpress\/wp-content\/uploads\/2021\/05\/Nayttokuva-2021-5-20-kello-20.37.09-768x482.png 768w, http:\/\/www.keminmaankuntosali.com\/wordpress\/wp-content\/uploads\/2021\/05\/Nayttokuva-2021-5-20-kello-20.37.09-1536x964.png 1536w, http:\/\/www.keminmaankuntosali.com\/wordpress\/wp-content\/uploads\/2021\/05\/Nayttokuva-2021-5-20-kello-20.37.09-830x521.png 830w, http:\/\/www.keminmaankuntosali.com\/wordpress\/wp-content\/uploads\/2021\/05\/Nayttokuva-2021-5-20-kello-20.37.09-230x144.png 230w, http:\/\/www.keminmaankuntosali.com\/wordpress\/wp-content\/uploads\/2021\/05\/Nayttokuva-2021-5-20-kello-20.37.09-350x220.png 350w, http:\/\/www.keminmaankuntosali.com\/wordpress\/wp-content\/uploads\/2021\/05\/Nayttokuva-2021-5-20-kello-20.37.09-480x301.png 480w\" sizes=\"(max-width: 1994px) 100vw, 1994px\" title=\"N\u00e4ytt\u00f6kuva 2021-5-20 kello 20.37.09\" alt=\"\" loading=\"lazy\" \t\tclass=\"so-widget-image\"\/>\n\t<\/div>\n\n<\/div><\/div><\/div><\/div><\/div><\/div><\/div>","protected":false},"excerpt":{"rendered":"<p>AVOINNA ma &#8211; to 16 &#8211; 19 avainkortilla joka p\u00e4iv\u00e4 05 &#8211; 23 &nbsp; TERVETULOA AURINKOISEN PALVELUN TALOON KEMINMAAN KUNTOSALILLE. Treenailla voit mm. Techno Gymin &amp; KerkoGymin laitteilla. RASKAS osasto l\u00f6ytyy sek\u00e4 hyv\u00e4 valikoima ohjattuja ryhmi\u00e4. K\u00e4yt\u00f6ss\u00e4si on peili-jumppasalin lis\u00e4ksi my\u00f6s piensali, jossa voit kuntoilla vapailla v\u00e4lineill\u00e4 varsinkin silloin, kun iso sali on jumppien aikana [&hellip;]<\/p>\n","protected":false},"author":1,"featured_media":0,"parent":0,"menu_order":0,"comment_status":"closed","ping_status":"closed","template":"page-templates\/page_front-page.php","meta":[],"_links":{"self":[{"href":"http:\/\/www.keminmaankuntosali.com\/wordpress\/wp-json\/wp\/v2\/pages\/20"}],"collection":[{"href":"http:\/\/www.keminmaankuntosali.com\/wordpress\/wp-json\/wp\/v2\/pages"}],"about":[{"href":"http:\/\/www.keminmaankuntosali.com\/wordpress\/wp-json\/wp\/v2\/types\/page"}],"author":[{"embeddable":true,"href":"http:\/\/www.keminmaankuntosali.com\/wordpress\/wp-json\/wp\/v2\/users\/1"}],"replies":[{"embeddable":true,"href":"http:\/\/www.keminmaankuntosali.com\/wordpress\/wp-json\/wp\/v2\/comments?post=20"}],"version-history":[{"count":132,"href":"http:\/\/www.keminmaankuntosali.com\/wordpress\/wp-json\/wp\/v2\/pages\/20\/revisions"}],"predecessor-version":[{"id":957,"href":"http:\/\/www.keminmaankuntosali.com\/wordpress\/wp-json\/wp\/v2\/pages\/20\/revisions\/957"}],"wp:attachment":[{"href":"http:\/\/www.keminmaankuntosali.com\/wordpress\/wp-json\/wp\/v2\/media?parent=20"}],"curies":[{"name":"wp","href":"https:\/\/api.w.org\/{rel}","templated":true}]}}